{"id":4960,"date":"2025-03-28T16:17:58","date_gmt":"2025-03-28T16:17:58","guid":{"rendered":"https:\/\/laukusetaluki.lv\/about-us-2\/"},"modified":"2026-03-18T09:34:32","modified_gmt":"2026-03-18T09:34:32","slug":"about-us-2","status":"publish","type":"page","link":"https:\/\/laukusetaluki.lv\/en\/about-us-2\/","title":{"rendered":"STORY"},"content":{"rendered":"\n<p>This is a family story filled with soul, respect for our roots, and a deep love for this place. It is a place where family heritage becomes a true value in today&#8217;s fast-paced world.<\/p>\n\n\n\n<p>As Imants Ziedonis wrote in his book &#8220;The Rural Homestead is Wise&#8221; (Lauku s\u0113ta ir gudra) after traveling across rural homesteads and visiting ours as well:<\/p>\n\n\n\n<p>&#8220;Rural homesteads in Latvia are uniquely beautiful compared to the rest of the world. So richly embedded in nature. With such beautiful proportions between the yard and buildings, between buildings and nature\u2026 The rural homestead is beautiful. And everything must be done\u2014alongside harvest, profit, and wealth\u2014to ensure the rural homestead is and remains even more beautiful.&#8221;<\/p>\n\n\n\n<p>In the spring of 1994, my parents\u2014Juris Ind\u0101ns (a historian, ethnographer, and long-time director of the Latvian Ethnographic Open-Air Museum) and artist, ceramicist Envija Ind\u0101ne\u2014purchased the rural property &#8220;L\u016b\u0137i&#8221; in Labrags, J\u016brkalne. It was a farmhouse built in 1926 with a granary barn, located on the land of the ancient Labrags Manor. They did so with a purposeful look to the future and a love for the Kurzeme region\u2014a desire to create a place situated halfway between their hometowns: Juris&#8217;s childhood town of Aizpute and Envija&#8217;s native Ventspils. Moreover, the main element was here\u2014the proximity to water. The place is located between two rivers\u2014\u0112nava and R\u012bva\u2014and right here, just 2 kilometers away, the endless Baltic Sea rustles.<\/p>\n\n\n\n<p>The &#8220;L\u016b\u0137i&#8221; homestead unites Juris&#8217;s love for Latvian cultural history and ethnography: at its core, the ancient single-farmstead model is preserved, while the new buildings carefully incorporate old materials from near and far. The homestead also reflects the aesthetic, slightly minimalist, yet cozy and warm atmosphere created by Envija. She honed this ability to tastefully arrange environments over many years of working in the Ventspils and Riga Open-Air Museums, where she curated exhibitions.<\/p>\n\n\n\n<p>Considering the financial possibilities of that time, the homestead was restored gradually, but always carefully preserving its historical heritage and story. Step by step, the windows of the Main House were restored, and the first vestibule and Garden Veranda were built. The granary barn got a new roof, and trees were planted to shape the landscape of the homestead. Over time, a new country sauna was built near the site of the old one, and later the Oak (Ozols) and Garden (D\u0101rzs) cottages were created.<\/p>\n\n\n\n<p>I, El\u012bna, vividly remember the day and the feeling when my parents brought me to our country house for the first time. At that time, I confidently announced: &#8220;I have been here before.&#8221; This feeling hasn&#8217;t left me to this day\u2014time stands still here. Here is peace and an embracing silence; a place where the Soul feels alive and beautiful. I also remember almost every weekend\u2014Friday evenings or early Saturday mornings\u2014squeezed into the back of the car among countless materials and furniture we were transporting from Riga to &#8220;L\u016b\u0137i&#8221;. That was our life \u2013 building and creating in &#8216;L\u016b\u0137i&#8217;.<\/p>\n\n\n\n<p>In 1998, my mother started hosting guests, and we became one of the first in the J\u016brkalne area to engage in rural tourism. Initially, two rooms were furnished in the Main House with a heartfelt invitation: &#8220;Everything is as it used to be, but you can feel right at home.&#8221; For over 20 years, my mother&#8217;s main occupation during the summers was hosting guests. Meanwhile, autumn and winter were the time for rest and homestead improvement works. My summers, too, from early childhood until university, were spent working at &#8220;L\u016b\u0137i&#8221;\u2014helping with chores and cleaning the rooms.<\/p>\n\n\n\n<p>In 2010, we realized our first European fund project and carried out the renovation of the Main House. In 2021, my husband Kristaps Beitiks, our son Karls, and I moved from Riga to Kurzeme. We became the second generation to run &#8220;L\u016b\u0137i&#8221;, so that in the summers we can joyfully welcome you, traveler, inviting you to be in a place where you can &#8220;restore your inner resources&#8221;.<\/p>\n\n\n\n<p><em>El\u012bna, hostess of the rural homestead &#8220;L\u016b\u0137i&#8221; since 2021<\/em><\/p>\n\n\n\n<div style=\"height:40px\" aria-hidden=\"true\" class=\"wp-block-spacer\"><\/div>\n\n\n\n<div class=\"wp-block-getwid-advanced-heading\" style=\"margin-bottom:25px;margin-top:70px\"><h2 class=\"wp-block-getwid-advanced-heading__content\" style=\"text-align:center;font-family:&quot;Caudex&quot;;font-weight:normal\"><strong>VISION<\/strong><\/h2><\/div>\n\n\n\n<p><strong>Welcome to the Rural Homestead &#8220;L\u016b\u0137i&#8221;\u2014a place where time stands still<\/strong><br>In the daily rush, we often forget what silence sounds like and how true holidays smell. &#8220;L\u016b\u0137i&#8221; is not just a resting place on the Kurzeme seacoast; it is our family&#8217;s cherished labor of love, now in its second generation. Here, where the breath of history meets the power of nature and tasteful countryside aesthetics, we have created a space for you to safely step out of the daily rush and restore your inner resources.<\/p>\n\n\n\n<p>All our operations are based on genuine care and hospitality. Our vision is clear: <strong>to create a place where people&#8217;s care for themselves meets peace, well-being, and the presence of nature.<\/strong><\/p>\n\n\n\n<p>We believe that pausing in an unhurried and harmonious environment helps to regain one&#8217;s natural rhythm of life. It gives the opportunity to live more fully, more vibrantly, more deeply, and more meaningfully. That is why we create and protect such an environment\u2014so you always have a place to return to yourself.<\/p>\n\n\n\n<div class=\"wp-block-columns has-2-columns is-layout-flex wp-container-core-columns-is-layout-28f84493 wp-block-columns-is-layout-flex\">\n<div class=\"wp-block-column is-layout-flow wp-block-column-is-layout-flow\">\n<figure class=\"wp-block-image size-full\"><img loading=\"lazy\" decoding=\"async\" width=\"768\" height=\"768\" src=\"https:\/\/laukusetaluki.lv\/wp-content\/uploads\/2026\/03\/Viziju-liela-bilde.jpg\" alt=\"\" class=\"wp-image-4786\" style=\"aspect-ratio:1;object-fit:cover\" srcset=\"https:\/\/laukusetaluki.lv\/wp-content\/uploads\/2026\/03\/Viziju-liela-bilde.jpg 768w, https:\/\/laukusetaluki.lv\/wp-content\/uploads\/2026\/03\/Viziju-liela-bilde-300x300.jpg 300w, https:\/\/laukusetaluki.lv\/wp-content\/uploads\/2026\/03\/Viziju-liela-bilde-150x150.jpg 150w, https:\/\/laukusetaluki.lv\/wp-content\/uploads\/2026\/03\/Viziju-liela-bilde-600x600.jpg 600w, https:\/\/laukusetaluki.lv\/wp-content\/uploads\/2026\/03\/Viziju-liela-bilde-100x100.jpg 100w\" sizes=\"auto, (max-width: 768px) 100vw, 768px\" \/><\/figure>\n<\/div>\n\n\n\n<div class=\"wp-block-column is-layout-flow wp-block-column-is-layout-flow\">\n<figure class=\"wp-block-gallery has-nested-images columns-2 is-cropped wp-block-gallery-1 is-layout-flex wp-block-gallery-is-layout-flex\">\n<figure class=\"wp-block-image size-full\"><img loading=\"lazy\" decoding=\"async\" width=\"768\" height=\"768\" data-id=\"4789\" src=\"https:\/\/laukusetaluki.lv\/wp-content\/uploads\/2026\/03\/Luki-2022-by-Elza-Pallo-Fotografs-Kuldiga65.jpg\" alt=\"\" class=\"wp-image-4789\" srcset=\"https:\/\/laukusetaluki.lv\/wp-content\/uploads\/2026\/03\/Luki-2022-by-Elza-Pallo-Fotografs-Kuldiga65.jpg 768w, https:\/\/laukusetaluki.lv\/wp-content\/uploads\/2026\/03\/Luki-2022-by-Elza-Pallo-Fotografs-Kuldiga65-300x300.jpg 300w, https:\/\/laukusetaluki.lv\/wp-content\/uploads\/2026\/03\/Luki-2022-by-Elza-Pallo-Fotografs-Kuldiga65-150x150.jpg 150w, https:\/\/laukusetaluki.lv\/wp-content\/uploads\/2026\/03\/Luki-2022-by-Elza-Pallo-Fotografs-Kuldiga65-600x600.jpg 600w, https:\/\/laukusetaluki.lv\/wp-content\/uploads\/2026\/03\/Luki-2022-by-Elza-Pallo-Fotografs-Kuldiga65-100x100.jpg 100w\" sizes=\"auto, (max-width: 768px) 100vw, 768px\" \/><\/figure>\n\n\n\n<figure class=\"wp-block-image size-full\"><img loading=\"lazy\" decoding=\"async\" width=\"768\" height=\"768\" data-id=\"4787\" src=\"https:\/\/laukusetaluki.lv\/wp-content\/uploads\/2026\/03\/Luki-2022-by-Elza-Pallo-Fotografs-Kuldiga28.jpg\" alt=\"\" class=\"wp-image-4787\" srcset=\"https:\/\/laukusetaluki.lv\/wp-content\/uploads\/2026\/03\/Luki-2022-by-Elza-Pallo-Fotografs-Kuldiga28.jpg 768w, https:\/\/laukusetaluki.lv\/wp-content\/uploads\/2026\/03\/Luki-2022-by-Elza-Pallo-Fotografs-Kuldiga28-300x300.jpg 300w, https:\/\/laukusetaluki.lv\/wp-content\/uploads\/2026\/03\/Luki-2022-by-Elza-Pallo-Fotografs-Kuldiga28-150x150.jpg 150w, https:\/\/laukusetaluki.lv\/wp-content\/uploads\/2026\/03\/Luki-2022-by-Elza-Pallo-Fotografs-Kuldiga28-600x600.jpg 600w, https:\/\/laukusetaluki.lv\/wp-content\/uploads\/2026\/03\/Luki-2022-by-Elza-Pallo-Fotografs-Kuldiga28-100x100.jpg 100w\" sizes=\"auto, (max-width: 768px) 100vw, 768px\" \/><\/figure>\n\n\n\n<figure class=\"wp-block-image size-full\"><img loading=\"lazy\" decoding=\"async\" width=\"768\" height=\"768\" data-id=\"4788\" src=\"https:\/\/laukusetaluki.lv\/wp-content\/uploads\/2026\/03\/Luki-2023-by-Elza-Pallo-Fotografs-Kuldiga136.jpg\" alt=\"\" class=\"wp-image-4788\" srcset=\"https:\/\/laukusetaluki.lv\/wp-content\/uploads\/2026\/03\/Luki-2023-by-Elza-Pallo-Fotografs-Kuldiga136.jpg 768w, https:\/\/laukusetaluki.lv\/wp-content\/uploads\/2026\/03\/Luki-2023-by-Elza-Pallo-Fotografs-Kuldiga136-300x300.jpg 300w, https:\/\/laukusetaluki.lv\/wp-content\/uploads\/2026\/03\/Luki-2023-by-Elza-Pallo-Fotografs-Kuldiga136-150x150.jpg 150w, https:\/\/laukusetaluki.lv\/wp-content\/uploads\/2026\/03\/Luki-2023-by-Elza-Pallo-Fotografs-Kuldiga136-600x600.jpg 600w, https:\/\/laukusetaluki.lv\/wp-content\/uploads\/2026\/03\/Luki-2023-by-Elza-Pallo-Fotografs-Kuldiga136-100x100.jpg 100w\" sizes=\"auto, (max-width: 768px) 100vw, 768px\" \/><\/figure>\n\n\n\n<figure class=\"wp-block-image size-full\"><img loading=\"lazy\" decoding=\"async\" width=\"768\" height=\"768\" data-id=\"4785\" src=\"https:\/\/laukusetaluki.lv\/wp-content\/uploads\/2026\/03\/vizija-1.jpg\" alt=\"\" class=\"wp-image-4785\" srcset=\"https:\/\/laukusetaluki.lv\/wp-content\/uploads\/2026\/03\/vizija-1.jpg 768w, https:\/\/laukusetaluki.lv\/wp-content\/uploads\/2026\/03\/vizija-1-300x300.jpg 300w, https:\/\/laukusetaluki.lv\/wp-content\/uploads\/2026\/03\/vizija-1-150x150.jpg 150w, https:\/\/laukusetaluki.lv\/wp-content\/uploads\/2026\/03\/vizija-1-600x600.jpg 600w, https:\/\/laukusetaluki.lv\/wp-content\/uploads\/2026\/03\/vizija-1-100x100.jpg 100w\" sizes=\"auto, (max-width: 768px) 100vw, 768px\" \/><\/figure>\n<\/figure>\n<\/div>\n<\/div>\n\n\n\n<div class=\"wp-block-getwid-advanced-heading\" style=\"margin-bottom:25px;margin-top:70px\"><h2 class=\"wp-block-getwid-advanced-heading__content\" style=\"text-align:center;font-family:&quot;Caudex&quot;;font-weight:normal\"><strong>VALUES<\/strong><\/h2><\/div>\n\n\n\n<div class=\"wp-block-getwid-advanced-heading\" style=\"margin-bottom:45px\"><span class=\"wp-block-getwid-advanced-heading__content\" style=\"text-align:center\">What we believe in and what we pour into every detail of the &#8220;L\u016b\u0137i&#8221; homestead forms the foundation of your rest. Our values are not just beautiful words on a website\u2014they are our family&#8217;s way of life and a sincere promise to every guest who crosses our threshold..<\/span><\/div>\n\n\n\n<div class=\"wp-block-columns has-3-columns is-layout-flex wp-container-core-columns-is-layout-28f84493 wp-block-columns-is-layout-flex\">\n<div class=\"wp-block-column is-layout-flow wp-block-column-is-layout-flow\">\n<div class=\"wp-block-getwid-section is-style-fit-parent is-style-default\"><div class=\"wp-block-getwid-section__wrapper getwid-padding-bottom-medium getwid-padding-left-medium getwid-padding-right-medium getwid-padding-tablet-top-medium getwid-align-items-flex-start\" style=\"padding-top:40px\"><div class=\"wp-block-getwid-section__inner-wrapper\"><div class=\"wp-block-getwid-section__background-holder\"><div class=\"wp-block-getwid-section__background has-background has-white-background-color\"><\/div><div class=\"wp-block-getwid-section__foreground\"><\/div><\/div><div class=\"wp-block-getwid-section__content\"><div class=\"wp-block-getwid-section__inner-content\">\n<div class=\"wp-block-getwid-image-box getwid-animation has-text-center has-mobile-layout-default has-mobile-alignment-default\" data-animation=\"slideBottom\"><div style=\"margin-bottom:30px\" class=\"wp-block-getwid-image-box__image-container is-position-top\"><a href=\"#\" class=\"wp-block-getwid-image-box__image-wrapper\"><img loading=\"lazy\" decoding=\"async\" width=\"100\" height=\"100\" src=\"https:\/\/laukusetaluki.lv\/wp-content\/uploads\/2026\/03\/Miers-e1773171839588.png\" alt=\"\" class=\"wp-block-getwid-image-box__image wp-image-4729\"\/><\/a><\/div><div class=\"wp-block-getwid-image-box__content\">\n<div class=\"wp-block-getwid-advanced-heading\" style=\"margin-bottom:10px\"><h4 class=\"wp-block-getwid-advanced-heading__content\"><strong>PEACE<\/strong><\/h4><\/div>\n\n\n\n<p class=\"has-small-font-size\">Peace is our natural source of strength. In this hurried age, it is vitally necessary for the human nervous system and mind. A rested nervous system grants inner balance, stability, and clarity, allowing you to build a deeper connection with yourself and your loved ones. Our greatest wish is to share this special space so you can safely pause here and replenish your inner source of strength.<br><\/p>\n<\/div><\/div>\n<\/div><\/div><\/div><\/div><\/div>\n<\/div>\n\n\n\n<div class=\"wp-block-column is-layout-flow wp-block-column-is-layout-flow\">\n<div class=\"wp-block-getwid-section is-style-fit-parent is-style-default\"><div class=\"wp-block-getwid-section__wrapper getwid-padding-top-medium getwid-padding-bottom-medium getwid-padding-left-medium getwid-padding-right-medium getwid-align-items-flex-start\"><div class=\"wp-block-getwid-section__inner-wrapper\"><div class=\"wp-block-getwid-section__background-holder\"><div class=\"wp-block-getwid-section__background has-background has-white-background-color\"><\/div><div class=\"wp-block-getwid-section__foreground\"><\/div><\/div><div class=\"wp-block-getwid-section__content\"><div class=\"wp-block-getwid-section__inner-content\">\n<div class=\"wp-block-getwid-image-box getwid-animation has-text-center has-mobile-layout-default has-mobile-alignment-default\" data-animation=\"slideBottom\"><div style=\"margin-bottom:30px\" class=\"wp-block-getwid-image-box__image-container is-position-top\"><a href=\"#\" class=\"wp-block-getwid-image-box__image-wrapper\"><img loading=\"lazy\" decoding=\"async\" width=\"100\" height=\"100\" src=\"https:\/\/laukusetaluki.lv\/wp-content\/uploads\/2026\/03\/Labsajuta_0-e1773171811547.png\" alt=\"\" class=\"wp-block-getwid-image-box__image wp-image-4731\"\/><\/a><\/div><div class=\"wp-block-getwid-image-box__content\">\n<div class=\"wp-block-getwid-advanced-heading\" style=\"margin-bottom:10px\"><h4 class=\"wp-block-getwid-advanced-heading__content\"><strong>WELL-BEING<\/strong><\/h4><\/div>\n\n\n\n<p class=\"has-small-font-size\">Well-being to us means genuine, selfless care for a person\u2014their body, mind, and soul. It is attention to detail: from comfortable sleep and a tidy environment to unhurried floral sauna rituals. We create a caring and accepting space where you can fully relax, let go of daily control, and simply <em>be<\/em>.<\/p>\n<\/div><\/div>\n<\/div><\/div><\/div><\/div><\/div>\n<\/div>\n<\/div>\n\n\n\n<div style=\"height:25px\" aria-hidden=\"true\" class=\"wp-block-spacer\"><\/div>\n\n\n\n<div class=\"wp-block-columns has-3-columns is-layout-flex wp-container-core-columns-is-layout-28f84493 wp-block-columns-is-layout-flex\">\n<div class=\"wp-block-column is-layout-flow wp-block-column-is-layout-flow\">\n<div class=\"wp-block-group is-nowrap is-layout-flex wp-container-core-group-is-layout-6c531013 wp-block-group-is-layout-flex\">\n<div class=\"wp-block-getwid-section is-style-fit-parent is-style-default\"><div class=\"wp-block-getwid-section__wrapper getwid-padding-bottom-medium getwid-padding-left-medium getwid-padding-right-medium getwid-padding-tablet-top-medium getwid-align-items-flex-start\" style=\"padding-top:40px\"><div class=\"wp-block-getwid-section__inner-wrapper\"><div class=\"wp-block-getwid-section__background-holder\"><div class=\"wp-block-getwid-section__background has-background has-white-background-color\"><\/div><div class=\"wp-block-getwid-section__foreground\"><\/div><\/div><div class=\"wp-block-getwid-section__content\"><div class=\"wp-block-getwid-section__inner-content\">\n<div class=\"wp-block-getwid-image-box getwid-animation has-text-center has-mobile-layout-default has-mobile-alignment-default\" data-animation=\"slideBottom\"><div style=\"margin-bottom:30px\" class=\"wp-block-getwid-image-box__image-container is-position-top\"><a href=\"#\" class=\"wp-block-getwid-image-box__image-wrapper\"><img loading=\"lazy\" decoding=\"async\" width=\"100\" height=\"100\" src=\"https:\/\/laukusetaluki.lv\/wp-content\/uploads\/2026\/03\/Daba_0-e1773171877757.png\" alt=\"\" class=\"wp-block-getwid-image-box__image wp-image-4732\"\/><\/a><\/div><div class=\"wp-block-getwid-image-box__content\">\n<div class=\"wp-block-getwid-advanced-heading\" style=\"margin-bottom:10px\"><h4 class=\"wp-block-getwid-advanced-heading__content\"><strong>NATURE<\/strong><\/h4><\/div>\n\n\n\n<p class=\"has-small-font-size\">Nature is our truest healer and teacher. &#8220;L\u016b\u0137i&#8221; exists in harmonious connection with the majesty of Kurzeme\u2014between forests, two rivers, and the endless sea. We believe that time spent in the presence of nature restores human&#8217;s natural rhythm, relieves accumulated tension, and returns us to core values. Here you can breathe in the same rhythm as the earth.<br><\/p>\n<\/div><\/div>\n<\/div><\/div><\/div><\/div><\/div>\n<\/div>\n<\/div>\n\n\n\n<div class=\"wp-block-column is-layout-flow wp-block-column-is-layout-flow\">\n<div class=\"wp-block-group is-nowrap is-layout-flex wp-container-core-group-is-layout-6c531013 wp-block-group-is-layout-flex\">\n<div class=\"wp-block-getwid-section is-style-fit-parent is-style-default\"><div class=\"wp-block-getwid-section__wrapper getwid-padding-top-medium getwid-padding-bottom-medium getwid-padding-left-medium getwid-padding-right-medium getwid-align-items-flex-start\"><div class=\"wp-block-getwid-section__inner-wrapper\"><div class=\"wp-block-getwid-section__background-holder\"><div class=\"wp-block-getwid-section__background has-background has-white-background-color\"><\/div><div class=\"wp-block-getwid-section__foreground\"><\/div><\/div><div class=\"wp-block-getwid-section__content\"><div class=\"wp-block-getwid-section__inner-content\">\n<div class=\"wp-block-getwid-image-box getwid-animation has-text-center has-mobile-layout-default has-mobile-alignment-default\" data-animation=\"slideBottom\"><div style=\"margin-bottom:30px\" class=\"wp-block-getwid-image-box__image-container is-position-top\"><a href=\"#\" class=\"wp-block-getwid-image-box__image-wrapper\"><img loading=\"lazy\" decoding=\"async\" width=\"100\" height=\"100\" src=\"https:\/\/laukusetaluki.lv\/wp-content\/uploads\/2026\/03\/Mantojums-e1773171897728.png\" alt=\"\" class=\"wp-block-getwid-image-box__image wp-image-4730\"\/><\/a><\/div><div class=\"wp-block-getwid-image-box__content\">\n<div class=\"wp-block-getwid-advanced-heading\" style=\"margin-bottom:10px\"><h4 class=\"wp-block-getwid-advanced-heading__content\"><strong><strong>HERITAGE AND AESTHETICS<\/strong><\/strong>&nbsp;<\/h4><\/div>\n\n\n\n<p class=\"has-small-font-size\">With deep respect, we guard the cultural and historical heritage of the Latvian rural homestead, combining it with a refined, thoughtful, and harmonious environment. &#8220;L\u016b\u0137i&#8221; is not just buildings; it is a story cherished for generations, where an ancient breath meets modern rural elegance. This respect for our roots and for beauty is what gives our homestead its unique, living soul.<\/p>\n<\/div><\/div>\n<\/div><\/div><\/div><\/div><\/div>\n<\/div>\n<\/div>\n<\/div>\n\n\n\n<div class=\"wp-block-getwid-advanced-heading\" style=\"margin-bottom:25px;margin-top:70px\"><h2 class=\"wp-block-getwid-advanced-heading__content\" style=\"text-align:center;font-family:&quot;Caudex&quot;;font-weight:normal\"><strong>CHARACTER<\/strong><\/h2><\/div>\n\n\n\n<p>The character of the countryside homestead <em>\u201cL\u016b\u0137i\u201d<\/em> is calm, natural, and truly authentic. We are a family-run business rooted in heartfelt presence and a deep respect for people and the rhythm of nature.<\/p>\n\n\n\n<p>In our partnerships and in the care we provide to our guests, we are best described by the following values:<\/p>\n\n\n\n<hr class=\"wp-block-separator has-alpha-channel-opacity\"\/>\n\n\n\n<p><strong>Responsible Entrepreneurship<\/strong> we are open to new ideas and a reliable partner in collaboration. We work sustainably, thoughtfully, and with a strong sense of responsibility toward every task and event entrusted to us.<\/p>\n\n\n\n<hr class=\"wp-block-separator has-alpha-channel-opacity\"\/>\n\n\n\n<p><strong>Unhurried Tranquility<\/strong> We create a space where time slows down. It is an environment free from unnecessary stress, where natural simplicity and emotional ease prevail\u2014allowing both teams and individuals to truly step away from the pace of everyday life.<\/p>\n\n\n\n<hr class=\"wp-block-separator has-alpha-channel-opacity\"\/>\n\n\n\n<p><strong>Heartfelt Care<\/strong> Our hospitality is not a learned function\u2014it is our essence. We are present, kind, and genuinely devoted to ensuring that every guest feels emotionally welcomed and cared for.<\/p>\n\n\n\n<hr class=\"wp-block-separator has-alpha-channel-opacity\"\/>\n\n\n\n<p><strong>Respectful Openness<\/strong> We deeply value authentic, honest, and human relationships\u2014within our family and with the businesses and people we collaborate with.<\/p>\n\n\n\n<div style=\"height:45px\" aria-hidden=\"true\" class=\"wp-block-spacer\"><\/div>\n\n\n\n<div class=\"wp-block-getwid-advanced-heading\" style=\"margin-bottom:24px;margin-top:55px\"><h2 class=\"wp-block-getwid-advanced-heading__content\" style=\"text-align:center;font-family:&quot;Caudex&quot;;font-weight:normal\">Meet our team<\/h2><\/div>\n\n\n\n<div class=\"wp-block-getwid-advanced-heading\" style=\"margin-bottom:45px\"><span class=\"wp-block-getwid-advanced-heading__content\" style=\"text-align:center\"><\/span><\/div>\n\n\n\n<div class=\"wp-block-columns has-4-columns is-layout-flex wp-container-core-columns-is-layout-28f84493 wp-block-columns-is-layout-flex\">\n<div class=\"wp-block-column is-layout-flow wp-block-column-is-layout-flow\">\n<div class=\"wp-block-getwid-person is-image-cropped\"><div class=\"wp-block-getwid-person__image\"><img loading=\"lazy\" decoding=\"async\" width=\"682\" height=\"1024\" src=\"https:\/\/laukusetaluki.lv\/wp-content\/uploads\/2026\/03\/elina-lauku-seta-luki.jpg\" class=\"wp-image-4709\" srcset=\"https:\/\/laukusetaluki.lv\/wp-content\/uploads\/2026\/03\/elina-lauku-seta-luki.jpg 682w, https:\/\/laukusetaluki.lv\/wp-content\/uploads\/2026\/03\/elina-lauku-seta-luki-200x300.jpg 200w, https:\/\/laukusetaluki.lv\/wp-content\/uploads\/2026\/03\/elina-lauku-seta-luki-600x901.jpg 600w\" sizes=\"auto, (max-width: 682px) 100vw, 682px\" \/><\/div><div class=\"wp-block-getwid-person__content-wrapper\"><span class=\"wp-block-getwid-person__title\">El\u012bna<\/span><span class=\"wp-block-getwid-person__subtitle\">hostess of the rural homestead &#8220;L\u016b\u0137i&#8221;<\/span><p class=\"wp-block-getwid-person__content\">Creator of Hospitality and Atmosphere<\/p><\/div><\/div>\n<\/div>\n\n\n\n<div class=\"wp-block-column is-layout-flow wp-block-column-is-layout-flow\">\n<div class=\"wp-block-getwid-person is-image-cropped\"><div class=\"wp-block-getwid-person__image\"><img loading=\"lazy\" decoding=\"async\" width=\"682\" height=\"1024\" src=\"https:\/\/laukusetaluki.lv\/wp-content\/uploads\/2026\/03\/kristaps-lauku-seta-luki.jpg\" class=\"wp-image-4710\" srcset=\"https:\/\/laukusetaluki.lv\/wp-content\/uploads\/2026\/03\/kristaps-lauku-seta-luki.jpg 682w, https:\/\/laukusetaluki.lv\/wp-content\/uploads\/2026\/03\/kristaps-lauku-seta-luki-200x300.jpg 200w, https:\/\/laukusetaluki.lv\/wp-content\/uploads\/2026\/03\/kristaps-lauku-seta-luki-600x901.jpg 600w\" sizes=\"auto, (max-width: 682px) 100vw, 682px\" \/><\/div><div class=\"wp-block-getwid-person__content-wrapper\"><span class=\"wp-block-getwid-person__title\">Kristaps<\/span><span class=\"wp-block-getwid-person__subtitle\">host of the rural homestead &#8220;L\u016b\u0137i&#8221;<\/span><p class=\"wp-block-getwid-person__content\">Technical and Practical Support<\/p><\/div><\/div>\n<\/div>\n<\/div>\n\n\n","protected":false},"excerpt":{"rendered":"<p>This is a family story filled with soul, respect, and deep love for this place. It is a place where family heritage becomes a true value in today\u2019s fast-paced world. As Imants Ziedonis wrote in his book Lauku s\u0113ta ir gudra, while traveling across Latvian homesteads and visiting ours as well:<\/p>\n","protected":false},"author":1,"featured_media":4962,"parent":0,"menu_order":0,"comment_status":"closed","ping_status":"closed","template":"template-canvas-header-wide-page.php","meta":{"inline_featured_image":false,"footnotes":""},"class_list":["post-4960","page","type-page","status-publish","has-post-thumbnail","hentry"],"_links":{"self":[{"href":"https:\/\/laukusetaluki.lv\/en\/wp-json\/wp\/v2\/pages\/4960","targetHints":{"allow":["GET"]}}],"collection":[{"href":"https:\/\/laukusetaluki.lv\/en\/wp-json\/wp\/v2\/pages"}],"about":[{"href":"https:\/\/laukusetaluki.lv\/en\/wp-json\/wp\/v2\/types\/page"}],"author":[{"embeddable":true,"href":"https:\/\/laukusetaluki.lv\/en\/wp-json\/wp\/v2\/users\/1"}],"replies":[{"embeddable":true,"href":"https:\/\/laukusetaluki.lv\/en\/wp-json\/wp\/v2\/comments?post=4960"}],"version-history":[{"count":5,"href":"https:\/\/laukusetaluki.lv\/en\/wp-json\/wp\/v2\/pages\/4960\/revisions"}],"predecessor-version":[{"id":5108,"href":"https:\/\/laukusetaluki.lv\/en\/wp-json\/wp\/v2\/pages\/4960\/revisions\/5108"}],"wp:featuredmedia":[{"embeddable":true,"href":"https:\/\/laukusetaluki.lv\/en\/wp-json\/wp\/v2\/media\/4962"}],"wp:attachment":[{"href":"https:\/\/laukusetaluki.lv\/en\/wp-json\/wp\/v2\/media?parent=4960"}],"curies":[{"name":"wp","href":"https:\/\/api.w.org\/{rel}","templated":true}]}}