{"id":4928,"date":"2026-03-12T12:04:28","date_gmt":"2026-03-12T12:04:28","guid":{"rendered":"https:\/\/laukusetaluki.lv\/blogs\/"},"modified":"2026-03-16T12:29:08","modified_gmt":"2026-03-16T12:29:08","slug":"blogs","status":"publish","type":"page","link":"https:\/\/laukusetaluki.lv\/en\/blogs\/","title":{"rendered":"Blog"},"content":{"rendered":"\n\t\t<div class=\"wp-block-getwid-recent-posts has-layout-list has-cropped-images\">\n\t\t\t<div class=\"wp-block-getwid-recent-posts__wrapper\">\n\t\t\t\t\n<article id=\"post-5170\" class=\"wp-block-getwid-recent-posts__post\">\n    <div class=\"wp-block-getwid-recent-posts__post-wrapper\">\n\t\t            <div class=\"wp-block-getwid-recent-posts__post-thumbnail\">\n                <a href=\"https:\/\/laukusetaluki.lv\/en\/we-are-taking-steps-into-the-digital-environment-with-the-support-of-the-european-union\/\"><img loading=\"lazy\" decoding=\"async\" width=\"892\" height=\"558\" src=\"https:\/\/laukusetaluki.lv\/wp-content\/uploads\/2026\/04\/Titula-bilde-1024x640.png\" class=\"attachment-large size-large wp-post-image\" alt=\"WE ARE TAKING STEPS INTO THE DIGITAL ENVIRONMENT WITH THE SUPPORT OF THE EUROPEAN UNION\" srcset=\"https:\/\/laukusetaluki.lv\/wp-content\/uploads\/2026\/04\/Titula-bilde-1024x640.png 1024w, https:\/\/laukusetaluki.lv\/wp-content\/uploads\/2026\/04\/Titula-bilde-300x188.png 300w, https:\/\/laukusetaluki.lv\/wp-content\/uploads\/2026\/04\/Titula-bilde-768x480.png 768w, https:\/\/laukusetaluki.lv\/wp-content\/uploads\/2026\/04\/Titula-bilde-1536x960.png 1536w, https:\/\/laukusetaluki.lv\/wp-content\/uploads\/2026\/04\/Titula-bilde-2048x1280.png 2048w, https:\/\/laukusetaluki.lv\/wp-content\/uploads\/2026\/04\/Titula-bilde-892x558.png 892w, https:\/\/laukusetaluki.lv\/wp-content\/uploads\/2026\/04\/Titula-bilde-1350x844.png 1350w, https:\/\/laukusetaluki.lv\/wp-content\/uploads\/2026\/04\/Titula-bilde-1920x1200.png 1920w, https:\/\/laukusetaluki.lv\/wp-content\/uploads\/2026\/04\/Titula-bilde-600x375.png 600w\" sizes=\"auto, (max-width: 892px) 100vw, 892px\" \/><\/a>\n            <\/div>\n\t\t\t\t            <div class=\"wp-block-getwid-recent-posts__content-wrapper\">\n\t\t\t\t                    <header class=\"wp-block-getwid-recent-posts__entry-header\">\n\t\t\t\t\t\t\t\t\t\t\t\t\t<h3 class=\"wp-block-getwid-recent-posts__post-title\"><a href=\"https:\/\/laukusetaluki.lv\/en\/we-are-taking-steps-into-the-digital-environment-with-the-support-of-the-european-union\/\">WE ARE TAKING STEPS INTO THE DIGITAL ENVIRONMENT WITH THE SUPPORT OF THE EUROPEAN UNION<\/a><\/h3>\t\t\t\t\t\t\t\t\t\t\t\t                    <\/header>\n\t\t\t\t\t\t\t\t                    <div class=\"wp-block-getwid-recent-posts__post-content\">A New Website with an Online Booking System Until now, our accommodation was not represented by its own website, which limited our visibility and ability to reach those guests who search for leisure options online. To change this, improve the customer experience, and take the next step in the company&#8217;s development, we have successfully implemented&hellip;<\/div>\n\n\t\t\t\t\t<a href=\"https:\/\/laukusetaluki.lv\/en\/we-are-taking-steps-into-the-digital-environment-with-the-support-of-the-european-union\/\" class=\"entry-link\">Read More<\/a>\n\t\t\t\t            <\/div>\n\t\t    <\/div>\n<\/article>\n\n<article id=\"post-4931\" class=\"wp-block-getwid-recent-posts__post\">\n    <div class=\"wp-block-getwid-recent-posts__post-wrapper\">\n\t\t            <div class=\"wp-block-getwid-recent-posts__post-thumbnail\">\n                <a href=\"https:\/\/laukusetaluki.lv\/en\/lauku-seta-luki-2026\/\"><img loading=\"lazy\" decoding=\"async\" width=\"892\" height=\"543\" src=\"https:\/\/laukusetaluki.lv\/wp-content\/uploads\/2026\/03\/LaukusetaLuki.jpeg\" class=\"attachment-large size-large wp-post-image\" alt=\"LAUKU S\u0112TA L\u016a\u0136I\" srcset=\"https:\/\/laukusetaluki.lv\/wp-content\/uploads\/2026\/03\/LaukusetaLuki.jpeg 1022w, https:\/\/laukusetaluki.lv\/wp-content\/uploads\/2026\/03\/LaukusetaLuki-300x183.jpeg 300w, https:\/\/laukusetaluki.lv\/wp-content\/uploads\/2026\/03\/LaukusetaLuki-768x467.jpeg 768w, https:\/\/laukusetaluki.lv\/wp-content\/uploads\/2026\/03\/LaukusetaLuki-892x543.jpeg 892w, https:\/\/laukusetaluki.lv\/wp-content\/uploads\/2026\/03\/LaukusetaLuki-600x365.jpeg 600w\" sizes=\"auto, (max-width: 892px) 100vw, 892px\" \/><\/a>\n            <\/div>\n\t\t\t\t            <div class=\"wp-block-getwid-recent-posts__content-wrapper\">\n\t\t\t\t                    <header class=\"wp-block-getwid-recent-posts__entry-header\">\n\t\t\t\t\t\t\t\t\t\t\t\t\t<h3 class=\"wp-block-getwid-recent-posts__post-title\"><a href=\"https:\/\/laukusetaluki.lv\/en\/lauku-seta-luki-2026\/\">LAUKU S\u0112TA L\u016a\u0136I<\/a><\/h3>\t\t\t\t\t\t\t\t\t\t\t\t                    <\/header>\n\t\t\t\t\t\t\t\t                    <div class=\"wp-block-getwid-recent-posts__post-content\">In Search of Peace and Renewal: Our Vision and Invitation to You! Welcome to the &#8220;L\u016b\u0137i&#8221; homestead notes\u2014our new corner on the website where we will be sharing stories about the rhythms of nature, rural peace, and inspiration for self-renewal. We wanted to start our very first post with the basics. With an answer to&hellip;<\/div>\n\n\t\t\t\t\t<a href=\"https:\/\/laukusetaluki.lv\/en\/lauku-seta-luki-2026\/\" class=\"entry-link\">Read More<\/a>\n\t\t\t\t            <\/div>\n\t\t    <\/div>\n<\/article>\n\t\t\t<\/div>\n\t\t<\/div>\n\t\t","protected":false},"excerpt":{"rendered":"","protected":false},"author":1,"featured_media":4929,"parent":0,"menu_order":0,"comment_status":"closed","ping_status":"closed","template":"template-canvas-header-wide-page.php","meta":{"inline_featured_image":false,"footnotes":""},"class_list":["post-4928","page","type-page","status-publish","has-post-thumbnail","hentry"],"_links":{"self":[{"href":"https:\/\/laukusetaluki.lv\/en\/wp-json\/wp\/v2\/pages\/4928","targetHints":{"allow":["GET"]}}],"collection":[{"href":"https:\/\/laukusetaluki.lv\/en\/wp-json\/wp\/v2\/pages"}],"about":[{"href":"https:\/\/laukusetaluki.lv\/en\/wp-json\/wp\/v2\/types\/page"}],"author":[{"embeddable":true,"href":"https:\/\/laukusetaluki.lv\/en\/wp-json\/wp\/v2\/users\/1"}],"replies":[{"embeddable":true,"href":"https:\/\/laukusetaluki.lv\/en\/wp-json\/wp\/v2\/comments?post=4928"}],"version-history":[{"count":1,"href":"https:\/\/laukusetaluki.lv\/en\/wp-json\/wp\/v2\/pages\/4928\/revisions"}],"predecessor-version":[{"id":4930,"href":"https:\/\/laukusetaluki.lv\/en\/wp-json\/wp\/v2\/pages\/4928\/revisions\/4930"}],"wp:featuredmedia":[{"embeddable":true,"href":"https:\/\/laukusetaluki.lv\/en\/wp-json\/wp\/v2\/media\/4929"}],"wp:attachment":[{"href":"https:\/\/laukusetaluki.lv\/en\/wp-json\/wp\/v2\/media?parent=4928"}],"curies":[{"name":"wp","href":"https:\/\/api.w.org\/{rel}","templated":true}]}}